{"id":634,"date":"2019-05-07T12:42:39","date_gmt":"2019-05-07T10:42:39","guid":{"rendered":"https:\/\/dzikapolska.org\/?page_id=634"},"modified":"2021-11-30T10:34:50","modified_gmt":"2021-11-30T09:34:50","slug":"","status":"publish","type":"page","link":"https:\/\/dzikapolska.org\/de\/petycja\/","title":{"rendered":"","raw":""},"content":{"rendered":"","protected":false,"raw":""},"excerpt":{"rendered":"[vc_row full_width=\"stretch_row_content_no_spaces\" css=\".vc_custom_1493816812001{margin-top: 0px !important;border-top-width: 0px !important;padding-top: 0px !important;}\"][vc_column css=\".vc_custom_1493816819579{margin-top: 0px !important;border-top-width: 0px !important;padding-top: 0px !important;}\"][rev_slider_vc alias=\"petycja\"][\/vc_column][\/vc_row][vc_row][vc_column width=\"1\/2\"][vc_empty_space height=\"52px\"][vc_column_text] Podpisz petycj\u0119 Imi\u0119 Nazwisko Email Zgoda Popieram Apel i podpisuj\u0119 si\u0119. Wyra\u017cam zgod\u0119 na przetwarzanie moich danych osobowych zawartych w formularzu przez Fundacje Dzika Polska w celu poparcia petycji i akceptuj\u0119 Polityk\u0119 prywatno\u015bci. [\/vc_column_text][\/vc_column][vc_column width=\"1\/2\"][vc_empty_space height=\"52px\"][vc_column_text] [...]","protected":false,"raw":""},"author":1,"featured_media":1082,"parent":0,"menu_order":0,"comment_status":"closed","ping_status":"closed","template":"","meta":{"_pl_post_content":"[vc_row full_width=\"stretch_row_content_no_spaces\" css=\".vc_custom_1493816812001{margin-top: 0px !important;border-top-width: 0px !important;padding-top: 0px !important;}\"][vc_column css=\".vc_custom_1493816819579{margin-top: 0px !important;border-top-width: 0px !important;padding-top: 0px !important;}\"][rev_slider_vc alias=\"petycja\"][\/vc_column][\/vc_row][vc_row][vc_column width=\"1\/2\"][vc_empty_space height=\"52px\"][vc_column_text][pdb_signup][\/vc_column_text][\/vc_column][vc_column width=\"1\/2\"][vc_empty_space height=\"52px\"][vc_column_text]\r\n<h1 class=\"single-title\"><strong>PETYCJA WS ZACHOWANIA LAS\u00d3W OTACZAJ\u0104CYCH JEZIORA I RZEKI PUSZCZY AUGUSTOWSKIEJ<\/strong><\/h1>\r\n[\/vc_column_text][vc_column_text][\/vc_column_text][\/vc_column][\/vc_row][vc_row][vc_column][vc_column_text]<strong>Nadle\u015bnictwa z obszaru Puszczy Augustowskiej<\/strong>\r\n<strong>Minister Klimatu i \u015arodowiska<\/strong>\r\n\r\n<strong>Sp\u0119dzasz czas nad Augustowskimi jeziorami w cieniu sosen? Sp\u0142ywasz kajakiem rzekami Puszczy Augustowskiej? Tylko dwa nadle\u015bnictwa - August\u00f3w i P\u0142aska zaplanowa\u0142y ponad 700 zr\u0119b\u00f3w zupe\u0142nych wok\u00f3\u0142 rzek i jezior o powierzchni ponad 1200 ha. Ju\u017c nied\u0142ugo po starych sosnach otaczaj\u0105cych jeziora i podmok\u0142ych lasach nad rzekami zostan\u0105 tylko zr\u0119by.<\/strong>\r\n\r\n<img class=\"aligncenter size-full wp-image-1091\" src=\"https:\/\/dzikapolska.org\/wp-content\/uploads\/2021\/06\/puszcza-augustowska-wycinka.jpg\" alt=\"puszcza augustowska wycinka\" width=\"1400\" height=\"933\" \/>Lasy wodochronne otaczaj\u0105ce zar\u00f3wno jeziora jak i rzeki stanowi\u0105 szczeg\u00f3ln\u0105 warto\u015b\u0107 \u2013utrzymuj\u0105 i zwi\u0119kszaj\u0105 retencj\u0119 wody, oczyszczaj\u0105 j\u0105, zasilaj\u0105 zbiorniki w\u00f3d podziemnych. Jako siedliska p\u0142az\u00f3w, ptak\u00f3w i innych zwierz\u0105t maj\u0105 ogromn\u0105 warto\u015b\u0107 przyrodnicz\u0105. Lasy bagienne s\u0105 dodatkowo wielkim magazynem wody i w\u0119gla. Ich wycinka powoduje ogromne emisje w\u0119gla do atmosfery. Lasy wodochronne stabilizuj\u0105 klimat, co jest zw\u0142aszcza odczuwalne w skali lokalnej.\r\n\r\n<img class=\"alignleft size-medium wp-image-1083\" src=\"https:\/\/dzikapolska.org\/wp-content\/uploads\/2021\/06\/zreby-puszcza-augustowska-1-300x200.jpg\" alt=\"zr\u0119by puszcza augustowska\" width=\"300\" height=\"200\" \/>Dodatkow\u0105 warto\u015b\u0107 pe\u0142ni\u0105 lasy wodochronne w obszarach rekreacyjnych takich jak Puszcza Augustowska, gdzie co roku nad jeziorami wypoczywaj\u0105 tysi\u0105ce turyst\u00f3w. Tutejsze lasy wodochronne to w du\u017cej mierze monumentalne bory sosnowe, kt\u00f3rych wiek przekracza niejednokrotnie 150 lat i zbli\u017ca si\u0119 do 200 lat. W cieniu takich sosen rozsiane s\u0105 setki pla\u017c i p\u00f3l namiotowych, oraz wiele kilometr\u00f3w tras pieszych, rowerowych i kajakowych. Ze wzgl\u0119du na szczeg\u00f3ln\u0105 warto\u015b\u0107 las\u00f3w wodochronnych obowi\u0105zuj\u0105ce przepisy zakazuj\u0105 wykonywania w nich zr\u0119b\u00f3w zupe\u0142nych oraz obliguj\u0105 le\u015bnik\u00f3w do szczeg\u00f3lnie ostro\u017cnego gospodarowania nimi.\r\n\r\nOkazuje si\u0119, \u017ce dwa nadle\u015bnictwa \u2013 P\u0142aska i August\u00f3w zaplanowa\u0142y ponad 700 zr\u0119b\u00f3w zupe\u0142nych (r\u0119bnia IB) wok\u00f3\u0142 rzek i jezior o powierzchni ponad 1200 ha. Kolejne setki hektar\u00f3w las\u00f3w wodochronnych maj\u0105 by\u0107 wycinane r\u0119bniami z\u0142o\u017conymi i trzebie\u017cami. Podobnie jest w innych nadle\u015bnictwach Puszczy Augustowskiej \u2013 Pomorze, SzczerbaCz\u0119\u015b\u0107 jezior jak Mu\u0142y, Pomorze zosta\u0142a ju\u017c cz\u0119\u015bciowo ods\u0142oni\u0119ta zr\u0119bami zupe\u0142nymi. Bory porastaj\u0105ce brzegi innych jezior takich jak Serwy, Mikaszewo, Sajno, Bia\u0142e oraz wzd\u0142u\u017c szlak\u00f3w wodnych (Czarna Ha\u0144cza, Marycha, Kana\u0142 Augustowski) maj\u0105 by\u0107 wyci\u0119te g\u0142\u00f3wnie zr\u0119bami zupe\u0142nymi. Krajobraz Augustowskich jezior pozbawiony starych, sosnowych bor\u00f3w zostanie drastycznie zmieniony. Te obszary strac\u0105 w du\u017cej mierze swoj\u0105 warto\u015b\u0107 rekreacyjn\u0105, co mo\u017ce niekorzystnie prze\u0142o\u017cy\u0107 si\u0119 na lokaln\u0105 ekonomie opart\u0105 na turystyce. Kto b\u0119dzie chcia\u0142 wypoczywa\u0107 na zr\u0119bach?\r\n\r\nLasy Pa\u0144stwowe cz\u0119sto chwal\u0105 si\u0119 swoja dzia\u0142alno\u015bci\u0105 maj\u0105c\u0105 na celu zwi\u0119kszenie retencji. Masowa wycinka las\u00f3w wodochronnych w dobie obecnego kryzysu klimatycznego ca\u0142kowicie podwa\u017cy\u0142aby wiarygodno\u015b\u0107 tej instytucji i zaprzepa\u015bci\u0142a efekt ekologiczny wszelkich projekt\u00f3w retencyjnych. Dlatego apelujemy o:\r\n<ul>\r\n \t<li>rezygnacj\u0119 ze zr\u0119b\u00f3w zupe\u0142nych (r\u0119bnia IB) w lasach wodochronnych;<\/li>\r\n \t<li>ograniczenie zabieg\u00f3w gospodarczych w lasach wodochronnych do niezb\u0119dnego minimum, powinny one mie\u0107 jak najmniej inwazyjn\u0105 form\u0119 pozwalaj\u0105c\u0105 na zachowanie starodrzewu.<\/li>\r\n<\/ul>\r\n<img class=\"aligncenter size-full wp-image-1084\" src=\"https:\/\/dzikapolska.org\/wp-content\/uploads\/2021\/06\/zreby-puszcza-augustowska-3.jpg\" alt=\"zr\u0119by puszcza augustowska\" width=\"1632\" height=\"1088\" \/>[\/vc_column_text][\/vc_column][\/vc_row]","_pl_post_name":"petycja","_pl_post_excerpt":"","_pl_post_title":"Petycja","_en_post_content":"","_en_post_name":"petycja","_en_post_excerpt":"","_en_post_title":"","_de_post_content":"","_de_post_name":"","_de_post_excerpt":"","_de_post_title":"","edit_language":"de","footnotes":""},"yoast_head":"<!-- This site is optimized with the Yoast SEO plugin v16.4 - https:\/\/yoast.com\/wordpress\/plugins\/seo\/ -->\n<meta name=\"description\" content=\"Sp\u0119dzasz czas nad Augustowskimi jeziorami w cieniu sosen? Tylko dwa nadle\u015bnictwa - August\u00f3w i P\u0142aska zaplanowa\u0142y ponad 700 zr\u0119b\u00f3w wok\u00f3\u0142 rzek i jezior!\" \/>\n<meta name=\"robots\" content=\"index, follow, max-snippet:-1, max-image-preview:large, max-video-preview:-1\" \/>\n<link rel=\"canonical\" href=\"https:\/\/dzikapolska.org\/en\/petycja\/\" \/>\n<meta property=\"og:locale\" content=\"de_DE\" \/>\n<meta property=\"og:type\" content=\"article\" \/>\n<meta property=\"og:title\" content=\"PETYCJA WS ZACHOWANIA LAS\u00d3W OTACZAJ\u0104CYCH JEZIORA I RZEKI PUSZCZY AUGUSTOWSKIEJ\" \/>\n<meta property=\"og:description\" content=\"Sp\u0119dzasz czas nad Augustowskimi jeziorami w cieniu sosen? Tylko dwa nadle\u015bnictwa - August\u00f3w i P\u0142aska zaplanowa\u0142y ponad 700 zr\u0119b\u00f3w wok\u00f3\u0142 rzek i jezior!\" \/>\n<meta property=\"og:url\" content=\"https:\/\/dzikapolska.org\/en\/petycja\/\" \/>\n<meta property=\"og:site_name\" content=\"Fundacja Dzika Polska\" \/>\n<meta property=\"article:modified_time\" content=\"2021-11-30T09:34:50+00:00\" \/>\n<meta property=\"og:image\" content=\"https:\/\/dzikapolska.org\/wp-content\/uploads\/2021\/06\/screen_27cd5af3182ae12f_16225586247741.jpg\" \/>\n\t<meta property=\"og:image:width\" content=\"1632\" \/>\n\t<meta property=\"og:image:height\" content=\"1088\" \/>\n<meta name=\"twitter:card\" content=\"summary\" \/>\n<meta name=\"twitter:label1\" content=\"Gesch\u00e4tzte Lesezeit\" \/>\n\t<meta name=\"twitter:data1\" content=\"3\u00a0Minuten\" \/>\n<script type=\"application\/ld+json\" class=\"yoast-schema-graph\">{\"@context\":\"https:\/\/schema.org\",\"@graph\":[{\"@type\":\"WebSite\",\"@id\":\"https:\/\/dzikapolska.org\/#website\",\"url\":\"https:\/\/dzikapolska.org\/\",\"name\":\"Fundacja Dzika Polska\",\"description\":\"Fundacja \\u201eDzika Polska&quot; powsta\\u0142a w 2006 roku z inicjatywy dzia\\u0142aczy polskich organizacji ekologicznych.\",\"potentialAction\":[{\"@type\":\"SearchAction\",\"target\":\"https:\/\/dzikapolska.org\/?s={search_term_string}\",\"query-input\":\"required name=search_term_string\"}],\"inLanguage\":\"de\"},{\"@type\":\"ImageObject\",\"@id\":\"https:\/\/dzikapolska.org\/en\/petycja\/#primaryimage\",\"inLanguage\":\"de\",\"url\":\"https:\/\/dzikapolska.org\/wp-content\/uploads\/2021\/06\/screen_27cd5af3182ae12f_16225586247741.jpg\",\"contentUrl\":\"https:\/\/dzikapolska.org\/wp-content\/uploads\/2021\/06\/screen_27cd5af3182ae12f_16225586247741.jpg\",\"width\":1632,\"height\":1088},{\"@type\":\"WebPage\",\"@id\":\"https:\/\/dzikapolska.org\/en\/petycja\/#webpage\",\"url\":\"https:\/\/dzikapolska.org\/en\/petycja\/\",\"name\":\"PETYCJA WS ZACHOWANIA LAS\\u00d3W OTACZAJ\\u0104CYCH JEZIORA I RZEKI PUSZCZY AUGUSTOWSKIEJ\",\"isPartOf\":{\"@id\":\"https:\/\/dzikapolska.org\/#website\"},\"primaryImageOfPage\":{\"@id\":\"https:\/\/dzikapolska.org\/en\/petycja\/#primaryimage\"},\"datePublished\":\"2019-05-07T10:42:39+00:00\",\"dateModified\":\"2021-11-30T09:34:50+00:00\",\"description\":\"Sp\\u0119dzasz czas nad Augustowskimi jeziorami w cieniu sosen? Tylko dwa nadle\\u015bnictwa - August\\u00f3w i P\\u0142aska zaplanowa\\u0142y ponad 700 zr\\u0119b\\u00f3w wok\\u00f3\\u0142 rzek i jezior!\",\"breadcrumb\":{\"@id\":\"https:\/\/dzikapolska.org\/en\/petycja\/#breadcrumb\"},\"inLanguage\":\"de\",\"potentialAction\":[{\"@type\":\"ReadAction\",\"target\":[\"https:\/\/dzikapolska.org\/en\/petycja\/\"]}]},{\"@type\":\"BreadcrumbList\",\"@id\":\"https:\/\/dzikapolska.org\/en\/petycja\/#breadcrumb\",\"itemListElement\":[{\"@type\":\"ListItem\",\"position\":1,\"item\":{\"@type\":\"WebPage\",\"@id\":\"https:\/\/dzikapolska.org\/\",\"url\":\"https:\/\/dzikapolska.org\/\",\"name\":\"Strona g\\u0142\\u00f3wna\"}},{\"@type\":\"ListItem\",\"position\":2,\"item\":{\"@id\":\"https:\/\/dzikapolska.org\/en\/petycja\/#webpage\"}}]}]}<\/script>\n<!-- \/ Yoast SEO plugin. -->","_links":{"self":[{"href":"https:\/\/dzikapolska.org\/de\/wp-json\/wp\/v2\/pages\/634"}],"collection":[{"href":"https:\/\/dzikapolska.org\/de\/wp-json\/wp\/v2\/pages"}],"about":[{"href":"https:\/\/dzikapolska.org\/de\/wp-json\/wp\/v2\/types\/page"}],"author":[{"embeddable":true,"href":"https:\/\/dzikapolska.org\/de\/wp-json\/wp\/v2\/users\/1"}],"replies":[{"embeddable":true,"href":"https:\/\/dzikapolska.org\/de\/wp-json\/wp\/v2\/comments?post=634"}],"version-history":[{"count":47,"href":"https:\/\/dzikapolska.org\/de\/wp-json\/wp\/v2\/pages\/634\/revisions"}],"predecessor-version":[{"id":1092,"href":"https:\/\/dzikapolska.org\/de\/wp-json\/wp\/v2\/pages\/634\/revisions\/1092"}],"wp:featuredmedia":[{"embeddable":true,"href":"https:\/\/dzikapolska.org\/de\/wp-json\/wp\/v2\/media\/1082"}],"wp:attachment":[{"href":"https:\/\/dzikapolska.org\/de\/wp-json\/wp\/v2\/media?parent=634"}],"curies":[{"name":"wp","href":"https:\/\/api.w.org\/{rel}","templated":true}]}}